{"id":117,"date":"2024-11-26T12:07:21","date_gmt":"2024-11-26T12:07:21","guid":{"rendered":"http:\/\/trenertobiasz.local\/?post_type=product&#038;p=117"},"modified":"2025-01-24T22:51:59","modified_gmt":"2025-01-24T22:51:59","slug":"pakiet-8-treningow-personalnych","status":"publish","type":"product","link":"https:\/\/www.u381583.stronazen.pl\/trener\/produkt\/pakiet-8-treningow-personalnych\/","title":{"rendered":"Pakiet 8 trening\u00f3w personalnych"},"content":{"rendered":"<ul class=\"elementor-icon-list-items\">\n<li class=\"elementor-icon-list-item\"><span class=\"elementor-icon-list-text\">Treningi przeprowadzane s\u0105 w WellFitness Brama Miasta \u0141\u00f3d\u017a<\/span><\/li>\n<li class=\"elementor-icon-list-item\"><i class=\"fas fa-check\" aria-hidden=\"true\"><\/i><span class=\"elementor-icon-list-text\">Wsp\u00f3\u0142prac\u0119 nawi\u0105zujemy na miesi\u0105c z mo\u017cliwo\u015bci\u0105 przed\u0142u\u017cenia, treningi s\u0105 oferowane w pakietach<\/span><\/li>\n<li class=\"elementor-icon-list-item\"><i class=\"fas fa-check\" aria-hidden=\"true\"><\/i><span class=\"elementor-icon-list-text\">Darmowa konsultacja. U\u0142atwia rozpocz\u0119cie wsp\u00f3\u0142pracy i pozwala om\u00f3wi\u0107 jej szczeg\u00f3\u0142y.<\/span><\/li>\n<li class=\"elementor-icon-list-item\"><i class=\"fas fa-check\" aria-hidden=\"true\"><\/i><span class=\"elementor-icon-list-text\">Indywidualny plan treningowy &#8211; ka\u017cde spotkanie jest dok\u0142adnie zaplanowane i przemy\u015blane na podstawie wywiadu i obserwacji. Jest optymalnie dostosowane do Twoich mo\u017cliwo\u015bci oraz oczekiwa\u0144. Przy okazji wsp\u00f3\u0142pracy mo\u017cesz prowadzi\u0107 samodzielne treningi, na kt\u00f3re r\u00f3wnie\u017c otrzymasz plan treningowy.<\/span><\/li>\n<li class=\"elementor-icon-list-item\"><i class=\"fas fa-check\" aria-hidden=\"true\"><\/i><span class=\"elementor-icon-list-text\">Zadbamy o Twoje nawyki \u017cywieniowe i suplementacj\u0119 bez wyrzecze\u0144 i restrykcyjnego planu \u017cywieniowego.<\/span><\/li>\n<li class=\"elementor-icon-list-item\"><i class=\"fas fa-check\" aria-hidden=\"true\"><\/i><span class=\"elementor-icon-list-text\">Sta\u0142a opieka &#8211; k\u0142ad\u0119 du\u017cy nacisk na atmosfer\u0119 w wsp\u00f3\u0142pracy oraz profesjonalizm dlatego w ka\u017cdej chwili mo\u017cecie si\u0119 ze mn\u0105 kontaktowa\u0107<\/span><\/li>\n<li>Trening trwa oko\u0142o 55 minut<\/li>\n<\/ul>\n","protected":false},"excerpt":{"rendered":"<p>Treningi przeprowadzane s\u0105 w WellFitness Brama Miasta \u0141\u00f3d\u017a Wsp\u00f3\u0142prac\u0119 nawi\u0105zujemy na miesi\u0105c z mo\u017cliwo\u015bci\u0105 przed\u0142u\u017cenia, treningi s\u0105 oferowane w pakietach [&hellip;]<\/p>\n","protected":false},"featured_media":2630,"template":"","meta":{"om_disable_all_campaigns":false,"_monsterinsights_skip_tracking":false,"_monsterinsights_sitenote_active":false,"_monsterinsights_sitenote_note":"","_monsterinsights_sitenote_category":0,"site-sidebar-layout":"default","site-content-layout":"","ast-site-content-layout":"default","site-content-style":"default","site-sidebar-style":"default","ast-global-header-display":"","ast-banner-title-visibility":"","ast-main-header-display":"","ast-hfb-above-header-display":"","ast-hfb-below-header-display":"","ast-hfb-mobile-header-display":"","site-post-title":"","ast-breadcrumbs-content":"","ast-featured-img":"","footer-sml-layout":"","theme-transparent-header-meta":"default","adv-header-id-meta":"","stick-header-meta":"","header-above-stick-meta":"","header-main-stick-meta":"","header-below-stick-meta":"","astra-migrate-meta-layouts":"set","ast-page-background-enabled":"default","ast-page-background-meta":{"desktop":{"background-color":"var(--ast-global-color-4)","background-image":"","background-repeat":"repeat","background-position":"center center","background-size":"auto","background-attachment":"scroll","background-type":"","background-media":"","overlay-type":"","overlay-color":"","overlay-opacity":"","overlay-gradient":""},"tablet":{"background-color":"","background-image":"","background-repeat":"repeat","background-position":"center center","background-size":"auto","background-attachment":"scroll","background-type":"","background-media":"","overlay-type":"","overlay-color":"","overlay-opacity":"","overlay-gradient":""},"mobile":{"background-color":"","background-image":"","background-repeat":"repeat","background-position":"center center","background-size":"auto","background-attachment":"scroll","background-type":"","background-media":"","overlay-type":"","overlay-color":"","overlay-opacity":"","overlay-gradient":""}},"ast-content-background-meta":{"desktop":{"background-color":"var(--ast-global-color-5)","background-image":"","background-repeat":"repeat","background-position":"center center","background-size":"auto","background-attachment":"scroll","background-type":"","background-media":"","overlay-type":"","overlay-color":"","overlay-opacity":"","overlay-gradient":""},"tablet":{"background-color":"var(--ast-global-color-5)","background-image":"","background-repeat":"repeat","background-position":"center center","background-size":"auto","background-attachment":"scroll","background-type":"","background-media":"","overlay-type":"","overlay-color":"","overlay-opacity":"","overlay-gradient":""},"mobile":{"background-color":"var(--ast-global-color-5)","background-image":"","background-repeat":"repeat","background-position":"center center","background-size":"auto","background-attachment":"scroll","background-type":"","background-media":"","overlay-type":"","overlay-color":"","overlay-opacity":"","overlay-gradient":""}}},"product_cat":[21],"product_tag":[],"class_list":{"0":"post-117","1":"product","2":"type-product","3":"status-publish","4":"has-post-thumbnail","6":"product_cat-treningi-personalne","7":"desktop-align-left","8":"tablet-align-left","9":"mobile-align-left","11":"first","12":"instock","13":"virtual","14":"sold-individually","15":"purchasable","16":"product-type-simple"},"aioseo_notices":[],"_links":{"self":[{"href":"https:\/\/www.u381583.stronazen.pl\/trener\/wp-json\/wp\/v2\/product\/117","targetHints":{"allow":["GET"]}}],"collection":[{"href":"https:\/\/www.u381583.stronazen.pl\/trener\/wp-json\/wp\/v2\/product"}],"about":[{"href":"https:\/\/www.u381583.stronazen.pl\/trener\/wp-json\/wp\/v2\/types\/product"}],"version-history":[{"count":1,"href":"https:\/\/www.u381583.stronazen.pl\/trener\/wp-json\/wp\/v2\/product\/117\/revisions"}],"predecessor-version":[{"id":2182,"href":"https:\/\/www.u381583.stronazen.pl\/trener\/wp-json\/wp\/v2\/product\/117\/revisions\/2182"}],"wp:featuredmedia":[{"embeddable":true,"href":"https:\/\/www.u381583.stronazen.pl\/trener\/wp-json\/wp\/v2\/media\/2630"}],"wp:attachment":[{"href":"https:\/\/www.u381583.stronazen.pl\/trener\/wp-json\/wp\/v2\/media?parent=117"}],"wp:term":[{"taxonomy":"product_cat","embeddable":true,"href":"https:\/\/www.u381583.stronazen.pl\/trener\/wp-json\/wp\/v2\/product_cat?post=117"},{"taxonomy":"product_tag","embeddable":true,"href":"https:\/\/www.u381583.stronazen.pl\/trener\/wp-json\/wp\/v2\/product_tag?post=117"}],"curies":[{"name":"wp","href":"https:\/\/api.w.org\/{rel}","templated":true}]}}